{"id":2,"date":"2020-01-18T17:10:37","date_gmt":"2020-01-18T17:10:37","guid":{"rendered":"http:\/\/centrumwakacyjne.pl\/?page_id=2"},"modified":"2022-09-10T16:13:48","modified_gmt":"2022-09-10T16:13:48","slug":"sample-page","status":"publish","type":"page","link":"http:\/\/centrumwakacyjne.pl\/","title":{"rendered":""},"content":{"rendered":"\n<div class=\"wp-block-cover has-background-dim\" style=\"background-color:#2f78a5;min-height:146px\"><div class=\"wp-block-cover__inner-container\">\n<p class=\"has-text-align-center has-medium-font-size\">WITAMY W CENTRUM WAKACYJNYM <\/p>\n\n\n\n<p class=\"has-text-align-center has-medium-font-size\">Z NAMI WYGODNIE ODPOCZNIESZ<\/p>\n\n\n\n<p class=\"has-text-align-center has-normal-font-size\">Zapraszamy do zapoznania si\u0119<br>z atrakcyjn\u0105 ofert\u0105 produkt\u00f3w i us\u0142ug wakacyjnych <\/p>\n<\/div><\/div>\n","protected":false},"excerpt":{"rendered":"","protected":false},"author":1,"featured_media":23,"parent":0,"menu_order":0,"comment_status":"closed","ping_status":"open","template":"","meta":[],"_links":{"self":[{"href":"http:\/\/centrumwakacyjne.pl\/index.php\/wp-json\/wp\/v2\/pages\/2"}],"collection":[{"href":"http:\/\/centrumwakacyjne.pl\/index.php\/wp-json\/wp\/v2\/pages"}],"about":[{"href":"http:\/\/centrumwakacyjne.pl\/index.php\/wp-json\/wp\/v2\/types\/page"}],"author":[{"embeddable":true,"href":"http:\/\/centrumwakacyjne.pl\/index.php\/wp-json\/wp\/v2\/users\/1"}],"replies":[{"embeddable":true,"href":"http:\/\/centrumwakacyjne.pl\/index.php\/wp-json\/wp\/v2\/comments?post=2"}],"version-history":[{"count":25,"href":"http:\/\/centrumwakacyjne.pl\/index.php\/wp-json\/wp\/v2\/pages\/2\/revisions"}],"predecessor-version":[{"id":77,"href":"http:\/\/centrumwakacyjne.pl\/index.php\/wp-json\/wp\/v2\/pages\/2\/revisions\/77"}],"wp:featuredmedia":[{"embeddable":true,"href":"http:\/\/centrumwakacyjne.pl\/index.php\/wp-json\/wp\/v2\/media\/23"}],"wp:attachment":[{"href":"http:\/\/centrumwakacyjne.pl\/index.php\/wp-json\/wp\/v2\/media?parent=2"}],"curies":[{"name":"wp","href":"https:\/\/api.w.org\/{rel}","templated":true}]}}